{"id":161,"date":"2020-02-11T14:09:29","date_gmt":"2020-02-11T14:09:29","guid":{"rendered":"https:\/\/www.lokupis.lt\/?page_id=161"},"modified":"2025-01-18T18:13:37","modified_gmt":"2025-01-18T16:13:37","slug":"sumedzioti-zverys","status":"publish","type":"page","link":"https:\/\/www.lokupis.lt\/?page_id=161","title":{"rendered":"Sumed\u017eioti \u017ev\u0117rys"},"content":{"rendered":"\n<figure class=\"wp-block-image size-large is-resized\"><img loading=\"lazy\" decoding=\"async\" width=\"1024\" height=\"326\" src=\"https:\/\/www.lokupis.lt\/wp-content\/uploads\/2020\/04\/Sumed\u017eioti-\u017ev\u0117rys-2-1024x326.png\" alt=\"\" class=\"wp-image-984\" style=\"width:1448px;height:462px\" srcset=\"https:\/\/www.lokupis.lt\/wp-content\/uploads\/2020\/04\/Sumed\u017eioti-\u017ev\u0117rys-2-1024x326.png 1024w, https:\/\/www.lokupis.lt\/wp-content\/uploads\/2020\/04\/Sumed\u017eioti-\u017ev\u0117rys-2-300x96.png 300w, https:\/\/www.lokupis.lt\/wp-content\/uploads\/2020\/04\/Sumed\u017eioti-\u017ev\u0117rys-2-768x245.png 768w, https:\/\/www.lokupis.lt\/wp-content\/uploads\/2020\/04\/Sumed\u017eioti-\u017ev\u0117rys-2.png 1299w\" sizes=\"auto, (max-width: 706px) 89vw, (max-width: 767px) 82vw, 740px\" \/><\/figure>\n\n\n\n<figure class=\"wp-block-image size-full\"><img loading=\"lazy\" decoding=\"async\" width=\"658\" height=\"879\" src=\"https:\/\/www.lokupis.lt\/wp-content\/uploads\/2025\/01\/paveikslas.png\" alt=\"\" class=\"wp-image-1208\" srcset=\"https:\/\/www.lokupis.lt\/wp-content\/uploads\/2025\/01\/paveikslas.png 658w, https:\/\/www.lokupis.lt\/wp-content\/uploads\/2025\/01\/paveikslas-225x300.png 225w\" sizes=\"auto, (max-width: 658px) 100vw, 658px\" \/><\/figure>\n","protected":false},"excerpt":{"rendered":"","protected":false},"author":1,"featured_media":0,"parent":0,"menu_order":0,"comment_status":"closed","ping_status":"closed","template":"","meta":{"footnotes":""},"class_list":["post-161","page","type-page","status-publish","hentry"],"_links":{"self":[{"href":"https:\/\/www.lokupis.lt\/index.php?rest_route=\/wp\/v2\/pages\/161","targetHints":{"allow":["GET"]}}],"collection":[{"href":"https:\/\/www.lokupis.lt\/index.php?rest_route=\/wp\/v2\/pages"}],"about":[{"href":"https:\/\/www.lokupis.lt\/index.php?rest_route=\/wp\/v2\/types\/page"}],"author":[{"embeddable":true,"href":"https:\/\/www.lokupis.lt\/index.php?rest_route=\/wp\/v2\/users\/1"}],"replies":[{"embeddable":true,"href":"https:\/\/www.lokupis.lt\/index.php?rest_route=%2Fwp%2Fv2%2Fcomments&post=161"}],"version-history":[{"count":6,"href":"https:\/\/www.lokupis.lt\/index.php?rest_route=\/wp\/v2\/pages\/161\/revisions"}],"predecessor-version":[{"id":1209,"href":"https:\/\/www.lokupis.lt\/index.php?rest_route=\/wp\/v2\/pages\/161\/revisions\/1209"}],"wp:attachment":[{"href":"https:\/\/www.lokupis.lt\/index.php?rest_route=%2Fwp%2Fv2%2Fmedia&parent=161"}],"curies":[{"name":"wp","href":"https:\/\/api.w.org\/{rel}","templated":true}]}}