{"id":32,"date":"2020-01-30T10:45:45","date_gmt":"2020-01-30T10:45:45","guid":{"rendered":"https:\/\/www.lokupis.lt\/wordpress\/?page_id=32"},"modified":"2026-05-03T09:46:59","modified_gmt":"2026-05-03T06:46:59","slug":"tinklarastis","status":"publish","type":"page","link":"https:\/\/www.lokupis.lt\/?page_id=32","title":{"rendered":"Tinklara\u0161tis"},"content":{"rendered":"\n<p><strong>Mir\u0117 Bir\u0161tono med\u017eiotoj\u0173 klubo \u201eLokupis\u201d narys K\u0119stutis Va\u0161kys \u00a0(1955 \u2013 2026). Vis\u0173 vardu rei\u0161kiame gili\u0105 u\u017euojaut\u0105 \u0161eimai ir artimiesiems.<\/strong><\/p>\n\n\n\n<p><\/p>\n\n\n\n<p><strong>Mir\u0117 Bir\u0161tono med\u017eiotoj\u0173 klubo &#8222;Lokupis&#8221; Garb\u0117s narys Jurgis Bani\u0161auskas &nbsp;(1937 &#8211; 2026). Vis\u0173 vardu rei\u0161kiame gili\u0105 u\u017euojaut\u0105  \u0161eimai ir artimiesiems.<\/strong><\/p>\n\n\n\n<p><\/p>\n\n\n\n<p><\/p>\n\n\n\n<p><\/p>\n\n\n\n<p><\/p>\n\n\n\n<p><a href=\"https:\/\/www.facebook.com\/groups\/577340867145587\">https:\/\/www.facebook.com\/groups\/577340867145587<\/a><\/p>\n\n\n\n<p><\/p>\n\n\n\n<p><\/p>\n\n\n\n<p><\/p>\n\n\n\n<p class=\"has-medium-font-size\"><\/p>\n\n\n\n<p><\/p>\n\n\n\n<p><em>Lapkri\u010dio 15 d., Lietuvos med\u017eiotoj\u0173 s\u0105jungos \u201eGamta\u201c, Bir\u0161tono med\u017eiotoj\u0173 klubo ,,Lokupis&#8221; med\u017eiotoj\u0173 namelyje, sve\u010diavosi Bir\u0161tono klebonas, monsinjoras Rimvydas Jurkevi\u010dius, kuris atliko Bir\u0161tono MK ,,Lokupis&#8221; namelio palaiminim\u0105. 2013 m. klubas \u012fsigijo 90 kv. m. ploto patalp\u0173 buvusiose tarybinio pauk\u0161tyno stali\u0173 dirbtuv\u0117se, Kernuvi\u0173 k., kuriose \u012fsireng\u0117 susirinkim\u0173 sal\u0119 ir \u017ev\u0117ri\u0173 apdorojimo patalp\u0105. 2018 m. \u012fsigijo papildomai 70 kv.m. patalp\u0173 kuriose \u012fsireng\u0117 gara\u017e\u0105 su \u017ev\u0117rienos atv\u0117sinimo &#8211; brandinimo kamer\u0105, virtuv\u0117l\u0119 bei pirties patalpas.<\/em><\/p>\n\n\n\n<figure class=\"wp-block-gallery has-nested-images columns-default is-cropped wp-block-gallery-1 is-layout-flex wp-block-gallery-is-layout-flex\">\n<figure class=\"wp-block-image size-large\"><img loading=\"lazy\" decoding=\"async\" width=\"768\" height=\"1024\" data-id=\"1245\" src=\"https:\/\/www.lokupis.lt\/wp-content\/uploads\/2025\/11\/584594881_1333340298835821_2936821247911155625_n-2-768x1024.jpg\" alt=\"\" class=\"wp-image-1245\" srcset=\"https:\/\/www.lokupis.lt\/wp-content\/uploads\/2025\/11\/584594881_1333340298835821_2936821247911155625_n-2-768x1024.jpg 768w, https:\/\/www.lokupis.lt\/wp-content\/uploads\/2025\/11\/584594881_1333340298835821_2936821247911155625_n-2-225x300.jpg 225w, https:\/\/www.lokupis.lt\/wp-content\/uploads\/2025\/11\/584594881_1333340298835821_2936821247911155625_n-2-1152x1536.jpg 1152w, https:\/\/www.lokupis.lt\/wp-content\/uploads\/2025\/11\/584594881_1333340298835821_2936821247911155625_n-2.jpg 1536w\" sizes=\"auto, (max-width: 706px) 89vw, (max-width: 767px) 82vw, 740px\" \/><\/figure>\n\n\n\n<figure class=\"wp-block-image size-large\"><img loading=\"lazy\" decoding=\"async\" width=\"1024\" height=\"768\" data-id=\"1246\" src=\"https:\/\/www.lokupis.lt\/wp-content\/uploads\/2025\/11\/584775218_1333340485502469_8006781301058861757_n-1-1024x768.jpg\" alt=\"\" class=\"wp-image-1246\" srcset=\"https:\/\/www.lokupis.lt\/wp-content\/uploads\/2025\/11\/584775218_1333340485502469_8006781301058861757_n-1-1024x768.jpg 1024w, https:\/\/www.lokupis.lt\/wp-content\/uploads\/2025\/11\/584775218_1333340485502469_8006781301058861757_n-1-300x225.jpg 300w, https:\/\/www.lokupis.lt\/wp-content\/uploads\/2025\/11\/584775218_1333340485502469_8006781301058861757_n-1-768x576.jpg 768w, https:\/\/www.lokupis.lt\/wp-content\/uploads\/2025\/11\/584775218_1333340485502469_8006781301058861757_n-1-1536x1152.jpg 1536w, https:\/\/www.lokupis.lt\/wp-content\/uploads\/2025\/11\/584775218_1333340485502469_8006781301058861757_n-1.jpg 2048w\" sizes=\"auto, (max-width: 706px) 89vw, (max-width: 767px) 82vw, 740px\" \/><\/figure>\n\n\n\n<figure class=\"wp-block-image size-large\"><img loading=\"lazy\" decoding=\"async\" width=\"1024\" height=\"768\" data-id=\"1247\" src=\"https:\/\/www.lokupis.lt\/wp-content\/uploads\/2025\/11\/584970001_1333339648835886_5333806353136719356_n-1-1024x768.jpg\" alt=\"\" class=\"wp-image-1247\" srcset=\"https:\/\/www.lokupis.lt\/wp-content\/uploads\/2025\/11\/584970001_1333339648835886_5333806353136719356_n-1-1024x768.jpg 1024w, https:\/\/www.lokupis.lt\/wp-content\/uploads\/2025\/11\/584970001_1333339648835886_5333806353136719356_n-1-300x225.jpg 300w, https:\/\/www.lokupis.lt\/wp-content\/uploads\/2025\/11\/584970001_1333339648835886_5333806353136719356_n-1-768x576.jpg 768w, https:\/\/www.lokupis.lt\/wp-content\/uploads\/2025\/11\/584970001_1333339648835886_5333806353136719356_n-1-1536x1152.jpg 1536w, https:\/\/www.lokupis.lt\/wp-content\/uploads\/2025\/11\/584970001_1333339648835886_5333806353136719356_n-1.jpg 2048w\" sizes=\"auto, (max-width: 706px) 89vw, (max-width: 767px) 82vw, 740px\" \/><\/figure>\n\n\n\n<figure class=\"wp-block-image size-large\"><img loading=\"lazy\" decoding=\"async\" width=\"1024\" height=\"768\" data-id=\"1248\" src=\"https:\/\/www.lokupis.lt\/wp-content\/uploads\/2025\/11\/585145029_1333340775502440_5818906422630783723_n-1-1024x768.jpg\" alt=\"\" class=\"wp-image-1248\" srcset=\"https:\/\/www.lokupis.lt\/wp-content\/uploads\/2025\/11\/585145029_1333340775502440_5818906422630783723_n-1-1024x768.jpg 1024w, https:\/\/www.lokupis.lt\/wp-content\/uploads\/2025\/11\/585145029_1333340775502440_5818906422630783723_n-1-300x225.jpg 300w, https:\/\/www.lokupis.lt\/wp-content\/uploads\/2025\/11\/585145029_1333340775502440_5818906422630783723_n-1-768x576.jpg 768w, https:\/\/www.lokupis.lt\/wp-content\/uploads\/2025\/11\/585145029_1333340775502440_5818906422630783723_n-1-1536x1152.jpg 1536w, https:\/\/www.lokupis.lt\/wp-content\/uploads\/2025\/11\/585145029_1333340775502440_5818906422630783723_n-1.jpg 2048w\" sizes=\"auto, (max-width: 706px) 89vw, (max-width: 767px) 82vw, 740px\" \/><\/figure>\n\n\n\n<figure class=\"wp-block-image size-large\"><img loading=\"lazy\" decoding=\"async\" width=\"768\" height=\"1024\" data-id=\"1249\" src=\"https:\/\/www.lokupis.lt\/wp-content\/uploads\/2025\/11\/585783899_1333339928835858_6391704120551334088_n-1-768x1024.jpg\" alt=\"\" class=\"wp-image-1249\" srcset=\"https:\/\/www.lokupis.lt\/wp-content\/uploads\/2025\/11\/585783899_1333339928835858_6391704120551334088_n-1-768x1024.jpg 768w, https:\/\/www.lokupis.lt\/wp-content\/uploads\/2025\/11\/585783899_1333339928835858_6391704120551334088_n-1-225x300.jpg 225w, https:\/\/www.lokupis.lt\/wp-content\/uploads\/2025\/11\/585783899_1333339928835858_6391704120551334088_n-1-1152x1536.jpg 1152w, https:\/\/www.lokupis.lt\/wp-content\/uploads\/2025\/11\/585783899_1333339928835858_6391704120551334088_n-1.jpg 1536w\" sizes=\"auto, (max-width: 706px) 89vw, (max-width: 767px) 82vw, 740px\" \/><\/figure>\n<\/figure>\n","protected":false},"excerpt":{"rendered":"<p>Mir\u0117 Bir\u0161tono med\u017eiotoj\u0173 klubo \u201eLokupis\u201d narys K\u0119stutis Va\u0161kys \u00a0(1955 \u2013 2026). Vis\u0173 vardu rei\u0161kiame gili\u0105 u\u017euojaut\u0105 \u0161eimai ir artimiesiems. Mir\u0117 Bir\u0161tono med\u017eiotoj\u0173 klubo &#8222;Lokupis&#8221; Garb\u0117s narys Jurgis Bani\u0161auskas &nbsp;(1937 &#8211; 2026). Vis\u0173 vardu rei\u0161kiame gili\u0105 u\u017euojaut\u0105 \u0161eimai ir artimiesiems. https:\/\/www.facebook.com\/groups\/577340867145587 Lapkri\u010dio 15 d., Lietuvos med\u017eiotoj\u0173 s\u0105jungos \u201eGamta\u201c, Bir\u0161tono med\u017eiotoj\u0173 klubo ,,Lokupis&#8221; med\u017eiotoj\u0173 namelyje, sve\u010diavosi Bir\u0161tono &hellip; <\/p>\n<p class=\"link-more\"><a href=\"https:\/\/www.lokupis.lt\/?page_id=32\" class=\"more-link\">Toliau skaityti<span class=\"screen-reader-text\"> &#8222;Tinklara\u0161tis&#8221;<\/span><\/a><\/p>\n","protected":false},"author":1,"featured_media":69,"parent":0,"menu_order":0,"comment_status":"closed","ping_status":"closed","template":"","meta":{"footnotes":""},"class_list":["post-32","page","type-page","status-publish","has-post-thumbnail","hentry"],"_links":{"self":[{"href":"https:\/\/www.lokupis.lt\/index.php?rest_route=\/wp\/v2\/pages\/32","targetHints":{"allow":["GET"]}}],"collection":[{"href":"https:\/\/www.lokupis.lt\/index.php?rest_route=\/wp\/v2\/pages"}],"about":[{"href":"https:\/\/www.lokupis.lt\/index.php?rest_route=\/wp\/v2\/types\/page"}],"author":[{"embeddable":true,"href":"https:\/\/www.lokupis.lt\/index.php?rest_route=\/wp\/v2\/users\/1"}],"replies":[{"embeddable":true,"href":"https:\/\/www.lokupis.lt\/index.php?rest_route=%2Fwp%2Fv2%2Fcomments&post=32"}],"version-history":[{"count":15,"href":"https:\/\/www.lokupis.lt\/index.php?rest_route=\/wp\/v2\/pages\/32\/revisions"}],"predecessor-version":[{"id":1266,"href":"https:\/\/www.lokupis.lt\/index.php?rest_route=\/wp\/v2\/pages\/32\/revisions\/1266"}],"wp:featuredmedia":[{"embeddable":true,"href":"https:\/\/www.lokupis.lt\/index.php?rest_route=\/wp\/v2\/media\/69"}],"wp:attachment":[{"href":"https:\/\/www.lokupis.lt\/index.php?rest_route=%2Fwp%2Fv2%2Fmedia&parent=32"}],"curies":[{"name":"wp","href":"https:\/\/api.w.org\/{rel}","templated":true}]}}