{"id":38,"date":"2020-01-30T10:45:45","date_gmt":"2020-01-30T10:45:45","guid":{"rendered":"https:\/\/www.lokupis.lt\/wordpress\/?page_id=38"},"modified":"2020-02-10T18:23:44","modified_gmt":"2020-02-10T18:23:44","slug":"pradinio-puslapio-skiltis","status":"publish","type":"page","link":"https:\/\/www.lokupis.lt\/?page_id=38","title":{"rendered":"Istorija"},"content":{"rendered":"\n<figure class=\"wp-block-table aligncenter is-style-stripes\"><table class=\"\"><tbody><tr><td>Apie 1960 metus &nbsp;Bir\u0161tono med\u017eiotoj\u0173 b\u016brelio nariais tapo susijung\u0119 pavieniai med\u017eiotojai: <strong>Pranas Dakinevi\u010dius<\/strong>, <strong>Jonas Kiseliovas, Silvestras Petr\u0117nas, Jonas Radvila, Jonas Satk\u016bnas, Stasys Belickas, Vaclovas Vainauskas, Kazimieras Bele\u0161ka&#8230;<\/strong>1961 metais \u012f Bir\u0161tono med\u017eiotoj\u0173 b\u016brelio narius \u012fstojo <strong>&nbsp;Vladas Mik\u0117nas, Antanas Kar\u010diauskas. &nbsp;<\/strong>Kiek v\u0117liau b\u016brelio nariais tapo <strong>Antanas Siaurusevi\u010dius, Juozas \u017di\u016bkas, Aleksas \u017di\u016bkas, Vaclovas Dumbliauskas, Kazimieras Luko\u0161ius, Rimas Bani\u0161auskas, Jonas Va\u0161kys.<\/strong>Senais b\u016brelio nariais buvo <strong>Albinas<\/strong> <strong>Bertlingas ir Reklaitis,<\/strong> ta\u010diau jie vis keit\u0117 priklausomyb\u0119 &#8211; tai Bir\u0161tono &nbsp;tai Jiezno b\u016breliams.Tai vyko ne d\u0117l j\u0173 kalt\u0117s, buvo vis kei\u010diama plot\u0173, esan\u010di\u0173 apie Jundeli\u0161kes, priklausomyb\u0117.<\/td><\/tr><\/tbody><\/table><\/figure>\n\n\n\n<figure class=\"wp-block-table\"><table class=\"\"><tbody><tr><td><strong>Bir\u0161tono med\u017eiotoj\u0173 b\u016brelio pirmininkai<\/strong>:<br><em>Pranas Dakinevi\u010dius<br>Kazimieras Luko\u0161ius<br>Antanas Kar\u010diauskas<br>Jonas \u017ditkus<br>Vladas Mik\u0117nas<br>Tadas Jaku\u010dionis<br>Petras Sereika<br>Algimantas Baranauskas <br>Vytautas Stap\u010dinskas <br>Linas Kuzminskas <\/em><\/td><\/tr><\/tbody><\/table><\/figure>\n","protected":false},"excerpt":{"rendered":"<p>Apie 1960 metus &nbsp;Bir\u0161tono med\u017eiotoj\u0173 b\u016brelio nariais tapo susijung\u0119 pavieniai med\u017eiotojai: Pranas Dakinevi\u010dius, Jonas Kiseliovas, Silvestras Petr\u0117nas, Jonas Radvila, Jonas Satk\u016bnas, Stasys Belickas, Vaclovas Vainauskas, Kazimieras Bele\u0161ka&#8230;1961 metais \u012f Bir\u0161tono med\u017eiotoj\u0173 b\u016brelio narius \u012fstojo &nbsp;Vladas Mik\u0117nas, Antanas Kar\u010diauskas. &nbsp;Kiek v\u0117liau b\u016brelio nariais tapo Antanas Siaurusevi\u010dius, Juozas \u017di\u016bkas, Aleksas \u017di\u016bkas, Vaclovas Dumbliauskas, Kazimieras Luko\u0161ius, Rimas Bani\u0161auskas, &hellip; <\/p>\n<p class=\"link-more\"><a href=\"https:\/\/www.lokupis.lt\/?page_id=38\" class=\"more-link\">Toliau skaityti<span class=\"screen-reader-text\"> &#8222;Istorija&#8221;<\/span><\/a><\/p>\n","protected":false},"author":1,"featured_media":0,"parent":0,"menu_order":0,"comment_status":"closed","ping_status":"closed","template":"","meta":{"footnotes":""},"class_list":["post-38","page","type-page","status-publish","hentry"],"_links":{"self":[{"href":"https:\/\/www.lokupis.lt\/index.php?rest_route=\/wp\/v2\/pages\/38","targetHints":{"allow":["GET"]}}],"collection":[{"href":"https:\/\/www.lokupis.lt\/index.php?rest_route=\/wp\/v2\/pages"}],"about":[{"href":"https:\/\/www.lokupis.lt\/index.php?rest_route=\/wp\/v2\/types\/page"}],"author":[{"embeddable":true,"href":"https:\/\/www.lokupis.lt\/index.php?rest_route=\/wp\/v2\/users\/1"}],"replies":[{"embeddable":true,"href":"https:\/\/www.lokupis.lt\/index.php?rest_route=%2Fwp%2Fv2%2Fcomments&post=38"}],"version-history":[{"count":6,"href":"https:\/\/www.lokupis.lt\/index.php?rest_route=\/wp\/v2\/pages\/38\/revisions"}],"predecessor-version":[{"id":131,"href":"https:\/\/www.lokupis.lt\/index.php?rest_route=\/wp\/v2\/pages\/38\/revisions\/131"}],"wp:attachment":[{"href":"https:\/\/www.lokupis.lt\/index.php?rest_route=%2Fwp%2Fv2%2Fmedia&parent=38"}],"curies":[{"name":"wp","href":"https:\/\/api.w.org\/{rel}","templated":true}]}}